{"id":927,"date":"2025-12-27T18:57:59","date_gmt":"2025-12-27T15:57:59","guid":{"rendered":"https:\/\/seahorsebackgammon.com\/iletisim\/"},"modified":"2026-01-20T14:52:40","modified_gmt":"2026-01-20T11:52:40","slug":"iletisim","status":"publish","type":"page","link":"https:\/\/seahorsebackgammon.com\/tr\/iletisim\/","title":{"rendered":"\u0130leti\u015fim"},"content":{"rendered":"\t\t<div data-elementor-type=\"wp-page\" data-elementor-id=\"927\" class=\"elementor elementor-927\" data-elementor-post-type=\"page\">\n\t\t\t\t\t\t<section class=\"elementor-section elementor-top-section elementor-element elementor-element-246f32c6 elementor-section-full_width elementor-section-items-stretch elementor-section-content-middle elementor-reverse-tablet elementor-reverse-mobile elementor-section-height-min-height elementor-section-height-default\" data-id=\"246f32c6\" data-element_type=\"section\" data-e-type=\"section\">\r\n\t\t\t\t\t\t<div class=\"elementor-container elementor-column-gap-no jws_section_\" >\r\n\t\t\t\t<div class=\"elementor-column elementor-col-50 elementor-top-column elementor-element elementor-element-61b9165f\" data-id=\"61b9165f\" data-element_type=\"column\" data-e-type=\"column\">\n\t\t\t<div class=\"elementor-widget-wrap elementor-element-populated\">\n\t\t\t\t\t\t<div class=\"elementor-element elementor-element-269b8a6b elementor-invisible elementor-widget elementor-widget-heading\" data-id=\"269b8a6b\" data-element_type=\"widget\" data-e-type=\"widget\" data-settings=\"{&quot;_animation&quot;:&quot;fadeInUp&quot;}\" data-widget_type=\"heading.default\">\n\t\t\t\t\t<h1 class=\"elementor-heading-title elementor-size-default\">Bizimle \u0130leti\u015fime ge\u00e7in<\/h1>\t\t\t\t<\/div>\n\t\t\t\t<div class=\"elementor-element elementor-element-779feaa1 elementor-widget__width-initial elementor-widget elementor-widget-text-editor\" data-id=\"779feaa1\" data-element_type=\"widget\" data-e-type=\"widget\" data-widget_type=\"text-editor.default\">\n\t\t\t\t\t\t\t\t\t<p>Her t\u00fcrl\u00fc sorunuz veya talebiniz i\u00e7in l\u00fctfen bizi aray\u0131n veya e-posta g\u00f6nderin.<\/p>\t\t\t\t\t\t\t\t<\/div>\n\t\t\t\t\t<\/div>\n\t\t<\/div>\n\t\t\t\t<div class=\"elementor-column elementor-col-50 elementor-top-column elementor-element elementor-element-47ffa5c2\" data-id=\"47ffa5c2\" data-element_type=\"column\" data-e-type=\"column\" data-settings=\"{&quot;background_background&quot;:&quot;classic&quot;}\">\n\t\t\t<div class=\"elementor-widget-wrap\">\n\t\t\t\t\t\t\t<\/div>\n\t\t<\/div>\n\t\t\t\t      \r\n            \r\n              \r\n            \r\n            \t\r\n\t\t\t<\/div>\r\n\t\t<\/section>\r\n\t\t\t\t<section class=\"elementor-section elementor-top-section elementor-element elementor-element-5199075b elementor-section-full_width elementor-section-content-middle elementor-section-height-default elementor-section-height-default\" data-id=\"5199075b\" data-element_type=\"section\" data-e-type=\"section\" data-settings=\"{&quot;background_background&quot;:&quot;classic&quot;}\">\r\n\t\t\t\t\t\t<div class=\"elementor-container elementor-column-gap-no jws_section_\" >\r\n\t\t\t\t<div class=\"elementor-column elementor-col-33 elementor-top-column elementor-element elementor-element-68138150 elementor-hidden-mobile\" data-id=\"68138150\" data-element_type=\"column\" data-e-type=\"column\" data-settings=\"{&quot;background_background&quot;:&quot;classic&quot;}\">\n\t\t\t<div class=\"elementor-widget-wrap elementor-element-populated\">\n\t\t\t\t\t\t<div class=\"elementor-element elementor-element-2a1156b elementor-widget elementor-widget-spacer\" data-id=\"2a1156b\" data-element_type=\"widget\" data-e-type=\"widget\" data-widget_type=\"spacer.default\">\n\t\t\t\t\t\t\t<div class=\"elementor-spacer\">\n\t\t\t<div class=\"elementor-spacer-inner\"><\/div>\n\t\t<\/div>\n\t\t\t\t\t\t<\/div>\n\t\t\t\t\t<\/div>\n\t\t<\/div>\n\t\t\t\t<div class=\"elementor-column elementor-col-33 elementor-top-column elementor-element elementor-element-3e50add3\" data-id=\"3e50add3\" data-element_type=\"column\" data-e-type=\"column\">\n\t\t\t<div class=\"elementor-widget-wrap elementor-element-populated\">\n\t\t\t\t\t\t<div class=\"elementor-element elementor-element-11ebbac1 elementor-icon-list--layout-traditional elementor-list-item-link-full_width elementor-widget elementor-widget-icon-list\" data-id=\"11ebbac1\" data-element_type=\"widget\" data-e-type=\"widget\" data-widget_type=\"icon-list.default\">\n\t\t\t\t\t\t\t<ul class=\"elementor-icon-list-items\">\n\t\t\t\t\t\t\t<li class=\"elementor-icon-list-item\">\n\t\t\t\t\t\t\t\t\t\t\t<a href=\"https:\/\/www.google.com\/maps\/place\/Kur%C5%9Funlu+Han\/@41.0225111,28.9698164,891m\/data=!3m2!1e3!4b1!4m6!3m5!1s0x14cab9e8eda71001:0xbc475bb3b61d420b!8m2!3d41.0225111!4d28.9723913!16s%2Fg%2F11c5h38ykm?entry=ttu&#038;g_ep=EgoyMDI1MTIwOS4wIKXMDSoASAFQAw%3D%3D\">\n\n\t\t\t\t\t\t\t\t\t\t\t<span class=\"elementor-icon-list-text\"><b>Adres:<\/b> Kur\u015funlu Han No:47\/25 34420 Beyo\u011flu \/ \u0130stanbul<\/span>\n\t\t\t\t\t\t\t\t\t\t\t<\/a>\n\t\t\t\t\t\t\t\t\t<\/li>\n\t\t\t\t\t\t\t\t<li class=\"elementor-icon-list-item\">\n\t\t\t\t\t\t\t\t\t\t\t<a href=\"tel:05495913545\">\n\n\t\t\t\t\t\t\t\t\t\t\t<span class=\"elementor-icon-list-text\"><b>Telefon:<\/b> +90 549 591 35 45<\/span>\n\t\t\t\t\t\t\t\t\t\t\t<\/a>\n\t\t\t\t\t\t\t\t\t<\/li>\n\t\t\t\t\t\t\t\t<li class=\"elementor-icon-list-item\">\n\t\t\t\t\t\t\t\t\t\t\t<a href=\"mailto:info@seahorsebackgammon.com\">\n\n\t\t\t\t\t\t\t\t\t\t\t<span class=\"elementor-icon-list-text\"><b>Genel Sorular: <\/b> info@seahorsebackgammon.com<\/span>\n\t\t\t\t\t\t\t\t\t\t\t<\/a>\n\t\t\t\t\t\t\t\t\t<\/li>\n\t\t\t\t\t\t<\/ul>\n\t\t\t\t\t\t<\/div>\n\t\t\t\t\t<\/div>\n\t\t<\/div>\n\t\t\t\t<div class=\"elementor-column elementor-col-33 elementor-top-column elementor-element elementor-element-29adcc30\" data-id=\"29adcc30\" data-element_type=\"column\" data-e-type=\"column\">\n\t\t\t<div class=\"elementor-widget-wrap elementor-element-populated\">\n\t\t\t\t\t\t<div class=\"elementor-element elementor-element-18bac425 elementor-widget elementor-widget-google_maps\" data-id=\"18bac425\" data-element_type=\"widget\" data-e-type=\"widget\" data-widget_type=\"google_maps.default\">\n\t\t\t\t\t\t\t<div class=\"elementor-custom-embed\">\n\t\t\t<iframe loading=\"lazy\"\n\t\t\t\t\tsrc=\"https:\/\/www.google.com\/maps\/embed\/v1\/place?key=AIzaSyD5_blKyY-WjRzXLwafsksudnURl0U9LR4&#038;q=Kur%C5%9Funlu%20Han&#038;zoom=16\"\n\t\t\t\t\ttitle=\"Kur\u015funlu Han\"\n\t\t\t\t\taria-label=\"Kur\u015funlu Han\"\n\t\t\t><\/iframe>\n\t\t<\/div>\n\t\t\t\t\t\t<\/div>\n\t\t\t\t\t<\/div>\n\t\t<\/div>\n\t\t\t\t      \r\n            \r\n              \r\n            \r\n            \t\r\n\t\t\t<\/div>\r\n\t\t<\/section>\r\n\t\t\t\t<\/div>\n\t\t","protected":false},"excerpt":{"rendered":"<p>Bizimle \u0130leti\u015fime ge\u00e7in Her t\u00fcrl\u00fc sorunuz veya talebiniz i\u00e7in l\u00fctfen bizi aray\u0131n veya e-posta g\u00f6nderin. Adres: Kur\u015funlu Han No:47\/25 34420 Beyo\u011flu \/ \u0130stanbul Telefon: +90 549 591 35 45 Genel Sorular: info@seahorsebackgammon.com<\/p>\n","protected":false},"author":1,"featured_media":923,"parent":0,"menu_order":0,"comment_status":"closed","ping_status":"closed","template":"","meta":{"footnotes":""},"class_list":["post-927","page","type-page","status-publish","has-post-thumbnail","hentry"],"yoast_head":"<!-- This site is optimized with the Yoast SEO plugin v27.5 - https:\/\/yoast.com\/product\/yoast-seo-wordpress\/ -->\n<title>\u0130leti\u015fim - Seahorse Backgammon<\/title>\n<meta name=\"robots\" content=\"index, follow, max-snippet:-1, max-image-preview:large, max-video-preview:-1\" \/>\n<link rel=\"canonical\" href=\"https:\/\/lemonchiffon-dogfish-144062.hostingersite.com\/contact-us\/\" \/>\n<meta property=\"og:locale\" content=\"tr_TR\" \/>\n<meta property=\"og:type\" content=\"article\" \/>\n<meta property=\"og:title\" content=\"\u0130leti\u015fim - Seahorse Backgammon\" \/>\n<meta property=\"og:description\" content=\"Bizimle \u0130leti\u015fime ge\u00e7in Her t\u00fcrl\u00fc sorunuz veya talebiniz i\u00e7in l\u00fctfen bizi aray\u0131n veya e-posta g\u00f6nderin. Adres: Kur\u015funlu Han No:47\/25 34420 Beyo\u011flu \/ \u0130stanbul Telefon: +90 549 591 35 45 Genel Sorular: info@seahorsebackgammon.com\" \/>\n<meta property=\"og:url\" content=\"https:\/\/lemonchiffon-dogfish-144062.hostingersite.com\/contact-us\/\" \/>\n<meta property=\"og:site_name\" content=\"Seahorse Backgammon\" \/>\n<meta property=\"article:modified_time\" content=\"2026-01-20T11:52:40+00:00\" \/>\n<meta property=\"og:image\" content=\"https:\/\/lemonchiffon-dogfish-144062.hostingersite.com\/wp-content\/uploads\/2025\/12\/Conact.jpg\" \/>\n\t<meta property=\"og:image:width\" content=\"400\" \/>\n\t<meta property=\"og:image:height\" content=\"380\" \/>\n\t<meta property=\"og:image:type\" content=\"image\/jpeg\" \/>\n<meta name=\"twitter:card\" content=\"summary_large_image\" \/>\n<script type=\"application\/ld+json\" class=\"yoast-schema-graph\">{\"@context\":\"https:\\\/\\\/schema.org\",\"@graph\":[{\"@type\":\"WebPage\",\"@id\":\"https:\\\/\\\/lemonchiffon-dogfish-144062.hostingersite.com\\\/contact-us\\\/\",\"url\":\"https:\\\/\\\/lemonchiffon-dogfish-144062.hostingersite.com\\\/contact-us\\\/\",\"name\":\"\u0130leti\u015fim - Seahorse Backgammon\",\"isPartOf\":{\"@id\":\"https:\\\/\\\/lemonchiffon-dogfish-144062.hostingersite.com\\\/#website\"},\"primaryImageOfPage\":{\"@id\":\"https:\\\/\\\/lemonchiffon-dogfish-144062.hostingersite.com\\\/contact-us\\\/#primaryimage\"},\"image\":{\"@id\":\"https:\\\/\\\/lemonchiffon-dogfish-144062.hostingersite.com\\\/contact-us\\\/#primaryimage\"},\"thumbnailUrl\":\"https:\\\/\\\/seahorsebackgammon.com\\\/wp-content\\\/uploads\\\/2025\\\/12\\\/Conact.jpg\",\"datePublished\":\"2025-12-27T15:57:59+00:00\",\"dateModified\":\"2026-01-20T11:52:40+00:00\",\"breadcrumb\":{\"@id\":\"https:\\\/\\\/lemonchiffon-dogfish-144062.hostingersite.com\\\/contact-us\\\/#breadcrumb\"},\"inLanguage\":\"tr\",\"potentialAction\":[{\"@type\":\"ReadAction\",\"target\":[\"https:\\\/\\\/lemonchiffon-dogfish-144062.hostingersite.com\\\/contact-us\\\/\"]}]},{\"@type\":\"ImageObject\",\"inLanguage\":\"tr\",\"@id\":\"https:\\\/\\\/lemonchiffon-dogfish-144062.hostingersite.com\\\/contact-us\\\/#primaryimage\",\"url\":\"https:\\\/\\\/seahorsebackgammon.com\\\/wp-content\\\/uploads\\\/2025\\\/12\\\/Conact.jpg\",\"contentUrl\":\"https:\\\/\\\/seahorsebackgammon.com\\\/wp-content\\\/uploads\\\/2025\\\/12\\\/Conact.jpg\",\"width\":400,\"height\":380},{\"@type\":\"BreadcrumbList\",\"@id\":\"https:\\\/\\\/lemonchiffon-dogfish-144062.hostingersite.com\\\/contact-us\\\/#breadcrumb\",\"itemListElement\":[{\"@type\":\"ListItem\",\"position\":1,\"name\":\"Home\",\"item\":\"https:\\\/\\\/seahorsebackgammon.com\\\/tr\\\/\"},{\"@type\":\"ListItem\",\"position\":2,\"name\":\"\u0130leti\u015fim\"}]},{\"@type\":\"WebSite\",\"@id\":\"https:\\\/\\\/lemonchiffon-dogfish-144062.hostingersite.com\\\/#website\",\"url\":\"https:\\\/\\\/lemonchiffon-dogfish-144062.hostingersite.com\\\/\",\"name\":\"Seahorse Backgammon\",\"description\":\"Handmade Backgammon\",\"publisher\":{\"@id\":\"https:\\\/\\\/lemonchiffon-dogfish-144062.hostingersite.com\\\/#organization\"},\"potentialAction\":[{\"@type\":\"SearchAction\",\"target\":{\"@type\":\"EntryPoint\",\"urlTemplate\":\"https:\\\/\\\/lemonchiffon-dogfish-144062.hostingersite.com\\\/?s={search_term_string}\"},\"query-input\":{\"@type\":\"PropertyValueSpecification\",\"valueRequired\":true,\"valueName\":\"search_term_string\"}}],\"inLanguage\":\"tr\"},{\"@type\":\"Organization\",\"@id\":\"https:\\\/\\\/lemonchiffon-dogfish-144062.hostingersite.com\\\/#organization\",\"name\":\"Seahorse Backgammon\",\"url\":\"https:\\\/\\\/lemonchiffon-dogfish-144062.hostingersite.com\\\/\",\"logo\":{\"@type\":\"ImageObject\",\"inLanguage\":\"tr\",\"@id\":\"https:\\\/\\\/lemonchiffon-dogfish-144062.hostingersite.com\\\/#\\\/schema\\\/logo\\\/image\\\/\",\"url\":\"https:\\\/\\\/seahorsebackgammon.com\\\/wp-content\\\/uploads\\\/2025\\\/12\\\/seahorse-backgammon-logo-new.png\",\"contentUrl\":\"https:\\\/\\\/seahorsebackgammon.com\\\/wp-content\\\/uploads\\\/2025\\\/12\\\/seahorse-backgammon-logo-new.png\",\"width\":659,\"height\":288,\"caption\":\"Seahorse Backgammon\"},\"image\":{\"@id\":\"https:\\\/\\\/lemonchiffon-dogfish-144062.hostingersite.com\\\/#\\\/schema\\\/logo\\\/image\\\/\"}}]}<\/script>\n<!-- \/ Yoast SEO plugin. -->","yoast_head_json":{"title":"\u0130leti\u015fim - Seahorse Backgammon","robots":{"index":"index","follow":"follow","max-snippet":"max-snippet:-1","max-image-preview":"max-image-preview:large","max-video-preview":"max-video-preview:-1"},"canonical":"https:\/\/lemonchiffon-dogfish-144062.hostingersite.com\/contact-us\/","og_locale":"tr_TR","og_type":"article","og_title":"\u0130leti\u015fim - Seahorse Backgammon","og_description":"Bizimle \u0130leti\u015fime ge\u00e7in Her t\u00fcrl\u00fc sorunuz veya talebiniz i\u00e7in l\u00fctfen bizi aray\u0131n veya e-posta g\u00f6nderin. Adres: Kur\u015funlu Han No:47\/25 34420 Beyo\u011flu \/ \u0130stanbul Telefon: +90 549 591 35 45 Genel Sorular: info@seahorsebackgammon.com","og_url":"https:\/\/lemonchiffon-dogfish-144062.hostingersite.com\/contact-us\/","og_site_name":"Seahorse Backgammon","article_modified_time":"2026-01-20T11:52:40+00:00","og_image":[{"width":400,"height":380,"url":"https:\/\/lemonchiffon-dogfish-144062.hostingersite.com\/wp-content\/uploads\/2025\/12\/Conact.jpg","type":"image\/jpeg"}],"twitter_card":"summary_large_image","schema":{"@context":"https:\/\/schema.org","@graph":[{"@type":"WebPage","@id":"https:\/\/lemonchiffon-dogfish-144062.hostingersite.com\/contact-us\/","url":"https:\/\/lemonchiffon-dogfish-144062.hostingersite.com\/contact-us\/","name":"\u0130leti\u015fim - Seahorse Backgammon","isPartOf":{"@id":"https:\/\/lemonchiffon-dogfish-144062.hostingersite.com\/#website"},"primaryImageOfPage":{"@id":"https:\/\/lemonchiffon-dogfish-144062.hostingersite.com\/contact-us\/#primaryimage"},"image":{"@id":"https:\/\/lemonchiffon-dogfish-144062.hostingersite.com\/contact-us\/#primaryimage"},"thumbnailUrl":"https:\/\/seahorsebackgammon.com\/wp-content\/uploads\/2025\/12\/Conact.jpg","datePublished":"2025-12-27T15:57:59+00:00","dateModified":"2026-01-20T11:52:40+00:00","breadcrumb":{"@id":"https:\/\/lemonchiffon-dogfish-144062.hostingersite.com\/contact-us\/#breadcrumb"},"inLanguage":"tr","potentialAction":[{"@type":"ReadAction","target":["https:\/\/lemonchiffon-dogfish-144062.hostingersite.com\/contact-us\/"]}]},{"@type":"ImageObject","inLanguage":"tr","@id":"https:\/\/lemonchiffon-dogfish-144062.hostingersite.com\/contact-us\/#primaryimage","url":"https:\/\/seahorsebackgammon.com\/wp-content\/uploads\/2025\/12\/Conact.jpg","contentUrl":"https:\/\/seahorsebackgammon.com\/wp-content\/uploads\/2025\/12\/Conact.jpg","width":400,"height":380},{"@type":"BreadcrumbList","@id":"https:\/\/lemonchiffon-dogfish-144062.hostingersite.com\/contact-us\/#breadcrumb","itemListElement":[{"@type":"ListItem","position":1,"name":"Home","item":"https:\/\/seahorsebackgammon.com\/tr\/"},{"@type":"ListItem","position":2,"name":"\u0130leti\u015fim"}]},{"@type":"WebSite","@id":"https:\/\/lemonchiffon-dogfish-144062.hostingersite.com\/#website","url":"https:\/\/lemonchiffon-dogfish-144062.hostingersite.com\/","name":"Seahorse Backgammon","description":"Handmade Backgammon","publisher":{"@id":"https:\/\/lemonchiffon-dogfish-144062.hostingersite.com\/#organization"},"potentialAction":[{"@type":"SearchAction","target":{"@type":"EntryPoint","urlTemplate":"https:\/\/lemonchiffon-dogfish-144062.hostingersite.com\/?s={search_term_string}"},"query-input":{"@type":"PropertyValueSpecification","valueRequired":true,"valueName":"search_term_string"}}],"inLanguage":"tr"},{"@type":"Organization","@id":"https:\/\/lemonchiffon-dogfish-144062.hostingersite.com\/#organization","name":"Seahorse Backgammon","url":"https:\/\/lemonchiffon-dogfish-144062.hostingersite.com\/","logo":{"@type":"ImageObject","inLanguage":"tr","@id":"https:\/\/lemonchiffon-dogfish-144062.hostingersite.com\/#\/schema\/logo\/image\/","url":"https:\/\/seahorsebackgammon.com\/wp-content\/uploads\/2025\/12\/seahorse-backgammon-logo-new.png","contentUrl":"https:\/\/seahorsebackgammon.com\/wp-content\/uploads\/2025\/12\/seahorse-backgammon-logo-new.png","width":659,"height":288,"caption":"Seahorse Backgammon"},"image":{"@id":"https:\/\/lemonchiffon-dogfish-144062.hostingersite.com\/#\/schema\/logo\/image\/"}}]}},"_links":{"self":[{"href":"https:\/\/seahorsebackgammon.com\/tr\/wp-json\/wp\/v2\/pages\/927","targetHints":{"allow":["GET"]}}],"collection":[{"href":"https:\/\/seahorsebackgammon.com\/tr\/wp-json\/wp\/v2\/pages"}],"about":[{"href":"https:\/\/seahorsebackgammon.com\/tr\/wp-json\/wp\/v2\/types\/page"}],"author":[{"embeddable":true,"href":"https:\/\/seahorsebackgammon.com\/tr\/wp-json\/wp\/v2\/users\/1"}],"replies":[{"embeddable":true,"href":"https:\/\/seahorsebackgammon.com\/tr\/wp-json\/wp\/v2\/comments?post=927"}],"version-history":[{"count":4,"href":"https:\/\/seahorsebackgammon.com\/tr\/wp-json\/wp\/v2\/pages\/927\/revisions"}],"predecessor-version":[{"id":992,"href":"https:\/\/seahorsebackgammon.com\/tr\/wp-json\/wp\/v2\/pages\/927\/revisions\/992"}],"wp:featuredmedia":[{"embeddable":true,"href":"https:\/\/seahorsebackgammon.com\/tr\/wp-json\/wp\/v2\/media\/923"}],"wp:attachment":[{"href":"https:\/\/seahorsebackgammon.com\/tr\/wp-json\/wp\/v2\/media?parent=927"}],"curies":[{"name":"wp","href":"https:\/\/api.w.org\/{rel}","templated":true}]}}